{"id":2265,"date":"2019-10-25T11:33:28","date_gmt":"2019-10-25T12:33:28","guid":{"rendered":"http:\/\/localhost\/ingt\/?page_id=2265"},"modified":"2022-07-29T10:30:11","modified_gmt":"2022-07-29T11:30:11","slug":"documentos","status":"publish","type":"page","link":"https:\/\/ingt.gov.cv\/ingt\/documentos\/","title":{"rendered":"Documentos"},"content":{"rendered":"<p>[vc_row][vc_column][vc_separator][vc_column_text css_animation=&#8221;fadeInUp&#8221; css=&#8221;.vc_custom_1659094204027{margin-bottom: 0px !important;}&#8221;]<\/p>\n<h3 class=\"about-right-title\">Consulte os documentos dispon\u00edveis.<\/h3>\n<p class=\"content\">Todos os documentos de interesse p\u00fablico do INGT est\u00e3o dispon\u00edveis no website. Em caso de n\u00e3o encontrar algum documento entre em contacto com o INGT para que este possa ser disponibilizado no website.<\/p>\n<p>[\/vc_column_text][vc_column_text]<script type=\"text\/x-handlebars-template\"        id=\"wpfd-template-table-categories-42\">    <div class=\"wpfd-categories \">{{#if category}}{{#with category}}<h2>{{name}}<\/h2>{{#if parent}}<a class=\"catlink backcategory\" href=\"#\" data-idcat=\"{{parent}}\">                        <i class=\"zmdi zmdi-chevron-left\"><\/i><span>Voltar<\/span><\/a>{{\/if}}{{\/with}}{{\/if}}{{#if category.desc}}<div class=\"wpfd-category-desc\">{{category.desc}}<\/div>{{\/if}}{{#if categories}}{{#each categories}}<a class=\"wpfdcategory catlink \" style=\"margin : 10px 10px 10px 10px;\" href=\"#\" data-idcat=\"{{termID}}\" title=\"{{name}}\">                                <span>{{name}}<\/span><i class=\"zmdi zmdi-folder wpfd-folder\"><\/i>                            <\/a>{{\/each}}{{\/if}}<div class=\"wpfdcategory_placeholder\" style=\"margin : 0 10px 0 10px;\"><\/div><div class=\"wpfdcategory_placeholder\" style=\"margin : 0 10px 0 10px;\"><\/div><div class=\"wpfdcategory_placeholder\" style=\"margin : 0 10px 0 10px;\"><\/div><\/div><\/script><script type=\"text\/x-handlebars-template\" id=\"wpfd-template-table-42\">    {{#if files}}    {{#each files}}    <tr class=\"file {{class}} {{ext}}\" data-id=\"{{ID}}\" data-catid=\"{{catid}}\">        <input type=\"hidden\" class=\"wpfd_file_preview_link_download\" value=\"{{linkdownload}}\" data-filetitle=\"{{post_title}}\" data-fileicons=\"ext ext-{{ext}} wpfd-icon-set-svg\" \/>    <td class=\"file_title\"><label class=\"wpfd_checkbox\"><input class=\"cbox_file_download\" type=\"checkbox\" data-id=\"{{ID}}\" \/><span><\/span><\/label><a class=\"wpfd_downloadlink\" href=\"{{linkdownload}}\"  title=\"{{post_title}}\" target=\"{{#if remote_file}}_blank{{\/if}}\"><span class=\"extcol\">{{#if file_custom_icon}}<span class=\"icon-custom\"><img decoding=\"async\" src=\"{{file_custom_icon}}\"><\/span>{{else}}<span class=\"ext ext-{{ext}} wpfd-icon-set-svg\"><\/span>{{\/if}}<\/span>{{{crop_title}}}<\/a><\/td><td class=\"file_size\">{{bytesToSize size}}<\/td><td class=\"file_created\">{{created}}<\/td>                    <td class=\"col-download\">                <a class=\"downloadlink wpfd_downloadlink\"  href=\"{{linkdownload}}\"  style=\"background-color:#76bc58;color:#ffffff;\" target=\"{{#if remote_file}}_blank{{\/if}}\">Descarregar<i class=\"zmdi zmdi-cloud-download wpfd-download\"><\/i><\/a>{{#if openpdflink}}<a class=\"openlink wpfd_previewlink\" href=\"{{openpdflink}}\"  target=\"_blank\">Previsualizar                            <i class=\"zmdi zmdi-filter-center-focus wpfd-preview\"><\/i>                        <\/a>{{else}}{{#if viewerlink}}<a                            href=\"{{viewerlink}}\"                                                        class=\"openlink wpfd_previewlink\"                            target=\"_blank\"                            data-id=\"{{ID}}\"                            data-catid=\"{{catid}}\"                            data-file-type=\"{{ext}}\">Previsualizar<i class=\"zmdi zmdi-filter-center-focus wpfd-preview\"><\/i>                        <\/a>{{\/if}}{{\/if}}            <\/td>            <\/tr>    {{\/each}}    {{\/if}}<\/script><div class=\"wpfd-content wpfd-content-table wpfd-content-multi colstyle\" data-category=\"42\"              style=\"background-color: transparent;\"><input type=\"hidden\" id=\"current_category_42\" value=\"42\" \/>                    <input type=\"hidden\" id=\"current_category_slug_42\" value=\"ingt\" \/>                    <input type=\"hidden\" id=\"current_ordering_42\" value=\"title\" \/>                    <input type=\"hidden\" id=\"current_ordering_direction_42\" value=\"desc\" \/>                    <input type=\"hidden\" id=\"page_limit_42\" value=\"10\" \/><input type=\"hidden\" id=\"wpfd_display_empty_category_message\" value=\"0\" \/><input type=\"hidden\" id=\"wpfd_empty_category_message_val\" value=\"This file category has no files to display\" \/><input type=\"hidden\" id=\"wpfd_display_empty_folder\" value=\"0\" \/><input type=\"hidden\" id=\"wpfd_is_empty_subcategories\" value=\"1\" \/><input type=\"hidden\" id=\"wpfd_is_empty_files\" value=\"1\" \/><input type=\"hidden\" id=\"wpfd_root_category_id\" class=\"wpfd_root_category_id\" value=\"42\" \/><input type=\"hidden\" id=\"wpfd_root_category_theme\" class=\"wpfd_root_category_theme\" value=\"table\" \/><input type=\"hidden\" id=\"wpfd_root_category_clone_theme_type\" class=\"wpfd_root_category_clone_theme_type\" value=\"none\" \/><input type=\"hidden\" id=\"wpfd_root_category_type\" class=\"wpfd_root_category_type\" value=\"42\" \/><a data-catid=\"\" class=\"table-download-category \" href=\"https:\/\/ingt.gov.cv\/ingt\/download\/wpfdcat\/42\/ingt\">Descarregar todos                                <i class=\"zmdi zmdi-check-all wpfd-download-category\"><\/i>                            <\/a><ul class=\"breadcrumbs wpfd-breadcrumbs-table head-category-table\">                            <li class=\"active\">INGT<\/li>                        <\/ul><div class=\"wpfd-container show_category_title show_breadcrumb show_subcategories folder-tree-left\">    <div class=\"wpfd-foldertree wpfd-foldertree-table foldertree-hide\"><\/div>    <div class=\"wpfd-open-tree\"><\/div>    <div class=\"wpfd-container-table  with_foldertree \">        <div class=\"wpfd-categories \"><h2 class=\"wpfd-category-theme-title\">INGT<\/h2><div class=\"wpfd-category-desc\"><\/div><a class=\"wpfdcategory catlink\" style=\"margin : 10px 10px 10px 10px;\" href=\"#\"                                   data-idcat=\"175\"                                   title=\"Drawing Up Detailed Plans (DPS)\">                                    <span>Drawing Up Detailed Plans (DPS)<\/span>                                    <i class=\"zmdi zmdi-folder wpfd-folder\"><\/i>                                <\/a><a class=\"wpfdcategory catlink\" style=\"margin : 10px 10px 10px 10px;\" href=\"#\"                                   data-idcat=\"113\"                                   title=\"Plano Detalhado\">                                    <span>Plano Detalhado<\/span>                                    <i class=\"zmdi zmdi-folder wpfd-folder\"><\/i>                                <\/a><a class=\"wpfdcategory catlink\" style=\"margin : 10px 10px 10px 10px;\" href=\"#\"                                   data-idcat=\"133\"                                   title=\"POT Murdeira e Algodoeiro\">                                    <span>POT Murdeira e Algodoeiro<\/span>                                    <i class=\"zmdi zmdi-folder wpfd-folder\"><\/i>                                <\/a><a class=\"wpfdcategory catlink\" style=\"margin : 10px 10px 10px 10px;\" href=\"#\"                                   data-idcat=\"109\"                                   title=\"PODMurdeira\">                                    <span>PODMurdeira<\/span>                                    <i class=\"zmdi zmdi-folder wpfd-folder\"><\/i>                                <\/a><a class=\"wpfdcategory catlink\" style=\"margin : 10px 10px 10px 10px;\" href=\"#\"                                   data-idcat=\"102\"                                   title=\"POTZDTIZonaSulilhaMaio\">                                    <span>POTZDTIZonaSulilhaMaio<\/span>                                    <i class=\"zmdi zmdi-folder wpfd-folder\"><\/i>                                <\/a><a class=\"wpfdcategory catlink\" style=\"margin : 10px 10px 10px 10px;\" href=\"#\"                                   data-idcat=\"92\"                                   title=\"Formul\u00e1rios\">                                    <span>Formul\u00e1rios<\/span>                                    <i class=\"zmdi zmdi-folder wpfd-folder\"><\/i>                                <\/a><a class=\"wpfdcategory catlink\" style=\"margin : 10px 10px 10px 10px;\" href=\"#\"                                   data-idcat=\"98\"                                   title=\"POTZDTIMangueMonteNegro\">                                    <span>POTZDTIMangueMonteNegro<\/span>                                    <i class=\"zmdi zmdi-folder wpfd-folder\"><\/i>                                <\/a><a class=\"wpfdcategory catlink\" style=\"margin : 10px 10px 10px 10px;\" href=\"#\"                                   data-idcat=\"81\"                                   title=\"Eventos\">                                    <span>Eventos<\/span>                                    <i class=\"zmdi zmdi-folder wpfd-folder\"><\/i>                                <\/a><a class=\"wpfdcategory catlink\" style=\"margin : 10px 10px 10px 10px;\" href=\"#\"                                   data-idcat=\"76\"                                   title=\"Consulta P\u00fablica\">                                    <span>Consulta P\u00fablica<\/span>                                    <i class=\"zmdi zmdi-folder wpfd-folder\"><\/i>                                <\/a><a class=\"wpfdcategory catlink\" style=\"margin : 10px 10px 10px 10px;\" href=\"#\"                                   data-idcat=\"128\"                                   title=\"POOCM SV\">                                    <span>POOCM SV<\/span>                                    <i class=\"zmdi zmdi-folder wpfd-folder\"><\/i>                                <\/a><a class=\"wpfdcategory catlink\" style=\"margin : 10px 10px 10px 10px;\" href=\"#\"                                   data-idcat=\"31\"                                   title=\"Legisla\u00e7\u00e3o e Normas T\u00e9cnicas\">                                    <span>Legisla\u00e7\u00e3o e Normas T\u00e9cnicas<\/span>                                    <i class=\"zmdi zmdi-folder wpfd-folder\"><\/i>                                <\/a><a class=\"wpfdcategory catlink\" style=\"margin : 10px 10px 10px 10px;\" href=\"#\"                                   data-idcat=\"127\"                                   title=\"Lei da Divis\u00e3o Administrativa\">                                    <span>Lei da Divis\u00e3o Administrativa<\/span>                                    <i class=\"zmdi zmdi-folder wpfd-folder\"><\/i>                                <\/a><a class=\"wpfdcategory catlink\" style=\"margin : 10px 10px 10px 10px;\" href=\"#\"                                   data-idcat=\"50\"                                   title=\"Desenvolvimento Urbano\">                                    <span>Desenvolvimento Urbano<\/span>                                    <i class=\"zmdi zmdi-folder wpfd-folder\"><\/i>                                <\/a><a class=\"wpfdcategory catlink\" style=\"margin : 10px 10px 10px 10px;\" href=\"#\"                                   data-idcat=\"33\"                                   title=\"Ordenamento de Territ\u00f3rio\">                                    <span>Ordenamento de Territ\u00f3rio<\/span>                                    <i class=\"zmdi zmdi-folder wpfd-folder\"><\/i>                                <\/a><a class=\"wpfdcategory catlink\" style=\"margin : 10px 10px 10px 10px;\" href=\"#\"                                   data-idcat=\"62\"                                   title=\"IDECV\">                                    <span>IDECV<\/span>                                    <i class=\"zmdi zmdi-folder wpfd-folder\"><\/i>                                <\/a><a class=\"wpfdcategory catlink\" style=\"margin : 10px 10px 10px 10px;\" href=\"#\"                                   data-idcat=\"32\"                                   title=\"Concursos\">                                    <span>Concursos<\/span>                                    <i class=\"zmdi zmdi-folder wpfd-folder\"><\/i>                                <\/a><a class=\"wpfdcategory catlink\" style=\"margin : 10px 10px 10px 10px;\" href=\"#\"                                   data-idcat=\"66\"                                   title=\"Eventos\">                                    <span>Eventos<\/span>                                    <i class=\"zmdi zmdi-folder wpfd-folder\"><\/i>                                <\/a><div class=\"wpfdcategory_placeholder\" style=\"margin : 0 10px 0 10px;\"><\/div><div class=\"wpfdcategory_placeholder\" style=\"margin : 0 10px 0 10px;\"><\/div><div class=\"wpfdcategory_placeholder\" style=\"margin : 0 10px 0 10px;\"><\/div><input type=\"hidden\" id=\"wpfd_subcategories_hover_color\" class=\"wpfd_subcategories_hover_color\" value=\"\" \/><\/div>        <table class=\"wpfd-search-result wpfd-table wpfd-table-bordered wpfd-table-striped wpfd-table-0 mediaTable wpfd-theme-rows\">            <thead>                <tr>                    <th class=\"essential persist file_title\">Nome<\/th><th class=\"optional file_size\">Tamanho<\/th><th class=\"optional file_created\">Adicionado em<\/th><th class=\"essential file_download file_download_tbl\">Descarregar<\/th>                <\/tr>            <\/thead>            <tbody>                                            <tr class=\"file pdf\" data-id=\"2602\"                    data-catid=\"42\">                                        <input type=\"hidden\" class=\"wpfd_file_preview_link_download\" value=\"http:\/\/ingt.gov.cv\/ingt\/download\/42\/ingt\/2602\/b_o_i_serie_n_48_2012-regula-o-sit-cv-2.pdf\"                           data-filetitle=\"B_O_I_Serie_n_48_2012-Regula-o-SIT-CV\" data-fileicons=\"ext ext-pdf wpfd-icon-set-svg\" \/>                    <td class=\"file_title\"><label class=\"wpfd_checkbox\"><input class=\"cbox_file_download\" type=\"checkbox\" data-id=\"2602\" data-catid=\"42\" \/><span><\/span><\/label><a class=\"wpfd_downloadlink\" href=\"http:\/\/ingt.gov.cv\/ingt\/download\/42\/ingt\/2602\/b_o_i_serie_n_48_2012-regula-o-sit-cv-2.pdf\"  title=\"B_O_I_Serie_n_48_2012-Regula-o-SIT-CV\" target=\"\"><span class=\"extcol\"><span class=\"ext ext-pdf wpfd-icon-set-svg\"><\/span>B_O_I_Serie_n_48_2012-Regula-o-SIT-CV<\/span><\/a><\/td><td class=\"file_size\">554.81 KB<\/td><td class=\"file_created\">07-11-2019<\/td>                                            <td class=\"file_download_tbl col-download\">                            <a class=\"downloadlink wpfd_downloadlink\"  href=\"http:\/\/ingt.gov.cv\/ingt\/download\/42\/ingt\/2602\/b_o_i_serie_n_48_2012-regula-o-sit-cv-2.pdf\"  style=\"background-color:#76bc58;color:#ffffff;\" target=\"\">Descarregar<i class=\"zmdi zmdi-cloud-download wpfd-download\"><\/i><\/a><a class=\"openlink wpfd_previewlink\" href=\"https:\/\/ingt.gov.cv\/ingt\/wp-admin\/admin-ajax.php?juwpfisadmin=false&#038;action=wpfd&#038;task=file.download&#038;wpfd_category_id=42&#038;wpfd_file_id=2602&#038;token=&#038;preview=1\"  target=\"_blank\">Previsualizar                            <i class=\"zmdi zmdi-filter-center-focus wpfd-preview\"><\/i>                        <\/a>                        <\/td>                                    <\/tr>                                        <\/tbody>        <\/table>            <\/div><\/div><\/div>\n<p>[\/vc_column_text][\/vc_column][\/vc_row]<\/p>\n","protected":false},"excerpt":{"rendered":"<p>[vc_row][vc_column][vc_separator][vc_column_text css_animation=&#8221;fadeInUp&#8221; css=&#8221;.vc_custom_1659094204027{margin-bottom: 0px !important;}&#8221;] Consulte os documentos dispon\u00edveis. Todos os documentos de interesse p\u00fablico do INGT est\u00e3o dispon\u00edveis no website. Em caso de n\u00e3o encontrar algum documento entre em contacto com o INGT para que este possa ser disponibilizado no website. [\/vc_column_text][vc_column_text][\/vc_column_text][\/vc_column][\/vc_row]<\/p>\n","protected":false},"author":1,"featured_media":0,"parent":0,"menu_order":0,"comment_status":"closed","ping_status":"closed","template":"page-template\/blank-page-sidebar.php","meta":{"_monsterinsights_skip_tracking":false,"_monsterinsights_sitenote_active":false,"_monsterinsights_sitenote_note":"","_monsterinsights_sitenote_category":0,"footnotes":""},"jetpack_sharing_enabled":true,"_links":{"self":[{"href":"https:\/\/ingt.gov.cv\/ingt\/wp-json\/wp\/v2\/pages\/2265"}],"collection":[{"href":"https:\/\/ingt.gov.cv\/ingt\/wp-json\/wp\/v2\/pages"}],"about":[{"href":"https:\/\/ingt.gov.cv\/ingt\/wp-json\/wp\/v2\/types\/page"}],"author":[{"embeddable":true,"href":"https:\/\/ingt.gov.cv\/ingt\/wp-json\/wp\/v2\/users\/1"}],"replies":[{"embeddable":true,"href":"https:\/\/ingt.gov.cv\/ingt\/wp-json\/wp\/v2\/comments?post=2265"}],"version-history":[{"count":9,"href":"https:\/\/ingt.gov.cv\/ingt\/wp-json\/wp\/v2\/pages\/2265\/revisions"}],"predecessor-version":[{"id":3330,"href":"https:\/\/ingt.gov.cv\/ingt\/wp-json\/wp\/v2\/pages\/2265\/revisions\/3330"}],"wp:attachment":[{"href":"https:\/\/ingt.gov.cv\/ingt\/wp-json\/wp\/v2\/media?parent=2265"}],"curies":[{"name":"wp","href":"https:\/\/api.w.org\/{rel}","templated":true}]}}